{"id":2778,"date":"2021-01-22T10:05:06","date_gmt":"2021-01-22T10:05:06","guid":{"rendered":"https:\/\/phimeca.com\/?page_id=2778"},"modified":"2021-01-25T13:38:45","modified_gmt":"2021-01-25T13:38:45","slug":"reinforcement-design","status":"publish","type":"page","link":"https:\/\/www.phimeca.com\/en\/support-services\/software-development-and-business-tools\/software-development-tools-for-numerical-simulation\/reinforcement-design\/","title":{"rendered":"Reinforcement Design"},"content":{"rendered":"","protected":false},"excerpt":{"rendered":"","protected":false},"author":7,"featured_media":0,"parent":2766,"menu_order":0,"comment_status":"closed","ping_status":"closed","template":"pages\/phimeca-contenu.php","meta":{"_acf_changed":false,"om_disable_all_campaigns":false,"_monsterinsights_skip_tracking":false,"_monsterinsights_sitenote_active":false,"_monsterinsights_sitenote_note":"","_monsterinsights_sitenote_category":0,"footnotes":""},"class_list":["post-2778","page","type-page","status-publish","hentry"],"acf":[],"aioseo_notices":[],"yoast_head":"<!-- This site is optimized with the Yoast SEO plugin v23.7 - https:\/\/yoast.com\/wordpress\/plugins\/seo\/ -->\n<title>Reinforcement Design - PHIMECA<\/title>\n<meta name=\"description\" content=\"Cet outil permet d\u2019\u00e9valuer la quantit\u00e9 de ferraillage de structure du G\u00e9nie Civil afin de r\u00e9pondre aux codes de construction.\" \/>\n<meta name=\"robots\" content=\"index, follow, max-snippet:-1, max-image-preview:large, max-video-preview:-1\" \/>\n<link rel=\"canonical\" href=\"https:\/\/www.phimeca.com\/en\/support-services\/software-development-and-business-tools\/software-development-tools-for-numerical-simulation\/reinforcement-design\/\" \/>\n<meta property=\"og:locale\" content=\"en_US\" \/>\n<meta property=\"og:type\" content=\"article\" \/>\n<meta property=\"og:title\" content=\"Reinforcement Design - PHIMECA\" \/>\n<meta property=\"og:description\" content=\"Cet outil permet d\u2019\u00e9valuer la quantit\u00e9 de ferraillage de structure du G\u00e9nie Civil afin de r\u00e9pondre aux codes de construction.\" \/>\n<meta property=\"og:url\" content=\"https:\/\/www.phimeca.com\/en\/support-services\/software-development-and-business-tools\/software-development-tools-for-numerical-simulation\/reinforcement-design\/\" \/>\n<meta property=\"og:site_name\" content=\"PHIMECA\" \/>\n<meta property=\"article:modified_time\" content=\"2021-01-25T13:38:45+00:00\" \/>\n<meta name=\"twitter:card\" content=\"summary_large_image\" \/>\n<script type=\"application\/ld+json\" class=\"yoast-schema-graph\">{\"@context\":\"https:\/\/schema.org\",\"@graph\":[{\"@type\":\"WebPage\",\"@id\":\"https:\/\/www.phimeca.com\/en\/support-services\/software-development-and-business-tools\/software-development-tools-for-numerical-simulation\/reinforcement-design\/\",\"url\":\"https:\/\/www.phimeca.com\/en\/support-services\/software-development-and-business-tools\/software-development-tools-for-numerical-simulation\/reinforcement-design\/\",\"name\":\"Reinforcement Design - PHIMECA\",\"isPartOf\":{\"@id\":\"https:\/\/www.phimeca.com\/#website\"},\"datePublished\":\"2021-01-22T10:05:06+00:00\",\"dateModified\":\"2021-01-25T13:38:45+00:00\",\"description\":\"Cet outil permet d\u2019\u00e9valuer la quantit\u00e9 de ferraillage de structure du G\u00e9nie Civil afin de r\u00e9pondre aux codes de construction.\",\"breadcrumb\":{\"@id\":\"https:\/\/www.phimeca.com\/en\/support-services\/software-development-and-business-tools\/software-development-tools-for-numerical-simulation\/reinforcement-design\/#breadcrumb\"},\"inLanguage\":\"en-US\",\"potentialAction\":[{\"@type\":\"ReadAction\",\"target\":[\"https:\/\/www.phimeca.com\/en\/support-services\/software-development-and-business-tools\/software-development-tools-for-numerical-simulation\/reinforcement-design\/\"]}]},{\"@type\":\"BreadcrumbList\",\"@id\":\"https:\/\/www.phimeca.com\/en\/support-services\/software-development-and-business-tools\/software-development-tools-for-numerical-simulation\/reinforcement-design\/#breadcrumb\",\"itemListElement\":[{\"@type\":\"ListItem\",\"position\":1,\"name\":\"Home\",\"item\":\"https:\/\/www.phimeca.com\/en\/\"},{\"@type\":\"ListItem\",\"position\":2,\"name\":\"Support services\",\"item\":\"https:\/\/www.phimeca.com\/en\/support-services\/\"},{\"@type\":\"ListItem\",\"position\":3,\"name\":\"Software development and business tools\",\"item\":\"https:\/\/www.phimeca.com\/en\/support-services\/software-development-and-business-tools\/\"},{\"@type\":\"ListItem\",\"position\":4,\"name\":\"Software development &#038; tools for Numerical Simulation\",\"item\":\"https:\/\/www.phimeca.com\/en\/support-services\/software-development-and-business-tools\/software-development-tools-for-numerical-simulation\/\"},{\"@type\":\"ListItem\",\"position\":5,\"name\":\"Reinforcement Design\"}]},{\"@type\":\"WebSite\",\"@id\":\"https:\/\/www.phimeca.com\/#website\",\"url\":\"https:\/\/www.phimeca.com\/\",\"name\":\"PHIMECA\",\"description\":\"\",\"publisher\":{\"@id\":\"https:\/\/www.phimeca.com\/#organization\"},\"potentialAction\":[{\"@type\":\"SearchAction\",\"target\":{\"@type\":\"EntryPoint\",\"urlTemplate\":\"https:\/\/www.phimeca.com\/?s={search_term_string}\"},\"query-input\":{\"@type\":\"PropertyValueSpecification\",\"valueRequired\":true,\"valueName\":\"search_term_string\"}}],\"inLanguage\":\"en-US\"},{\"@type\":\"Organization\",\"@id\":\"https:\/\/www.phimeca.com\/#organization\",\"name\":\"PHIMECA\",\"url\":\"https:\/\/www.phimeca.com\/\",\"logo\":{\"@type\":\"ImageObject\",\"inLanguage\":\"en-US\",\"@id\":\"https:\/\/www.phimeca.com\/#\/schema\/logo\/image\/\",\"url\":\"https:\/\/www.phimeca.com\/wp-content\/uploads\/2020\/03\/logo-phimeca-baseline-right-en-rgb.png\",\"contentUrl\":\"https:\/\/www.phimeca.com\/wp-content\/uploads\/2020\/03\/logo-phimeca-baseline-right-en-rgb.png\",\"width\":732,\"height\":435,\"caption\":\"PHIMECA\"},\"image\":{\"@id\":\"https:\/\/www.phimeca.com\/#\/schema\/logo\/image\/\"}}]}<\/script>\n<!-- \/ Yoast SEO plugin. -->","yoast_head_json":{"title":"Reinforcement Design - PHIMECA","description":"Cet outil permet d\u2019\u00e9valuer la quantit\u00e9 de ferraillage de structure du G\u00e9nie Civil afin de r\u00e9pondre aux codes de construction.","robots":{"index":"index","follow":"follow","max-snippet":"max-snippet:-1","max-image-preview":"max-image-preview:large","max-video-preview":"max-video-preview:-1"},"canonical":"https:\/\/www.phimeca.com\/en\/support-services\/software-development-and-business-tools\/software-development-tools-for-numerical-simulation\/reinforcement-design\/","og_locale":"en_US","og_type":"article","og_title":"Reinforcement Design - PHIMECA","og_description":"Cet outil permet d\u2019\u00e9valuer la quantit\u00e9 de ferraillage de structure du G\u00e9nie Civil afin de r\u00e9pondre aux codes de construction.","og_url":"https:\/\/www.phimeca.com\/en\/support-services\/software-development-and-business-tools\/software-development-tools-for-numerical-simulation\/reinforcement-design\/","og_site_name":"PHIMECA","article_modified_time":"2021-01-25T13:38:45+00:00","twitter_card":"summary_large_image","schema":{"@context":"https:\/\/schema.org","@graph":[{"@type":"WebPage","@id":"https:\/\/www.phimeca.com\/en\/support-services\/software-development-and-business-tools\/software-development-tools-for-numerical-simulation\/reinforcement-design\/","url":"https:\/\/www.phimeca.com\/en\/support-services\/software-development-and-business-tools\/software-development-tools-for-numerical-simulation\/reinforcement-design\/","name":"Reinforcement Design - PHIMECA","isPartOf":{"@id":"https:\/\/www.phimeca.com\/#website"},"datePublished":"2021-01-22T10:05:06+00:00","dateModified":"2021-01-25T13:38:45+00:00","description":"Cet outil permet d\u2019\u00e9valuer la quantit\u00e9 de ferraillage de structure du G\u00e9nie Civil afin de r\u00e9pondre aux codes de construction.","breadcrumb":{"@id":"https:\/\/www.phimeca.com\/en\/support-services\/software-development-and-business-tools\/software-development-tools-for-numerical-simulation\/reinforcement-design\/#breadcrumb"},"inLanguage":"en-US","potentialAction":[{"@type":"ReadAction","target":["https:\/\/www.phimeca.com\/en\/support-services\/software-development-and-business-tools\/software-development-tools-for-numerical-simulation\/reinforcement-design\/"]}]},{"@type":"BreadcrumbList","@id":"https:\/\/www.phimeca.com\/en\/support-services\/software-development-and-business-tools\/software-development-tools-for-numerical-simulation\/reinforcement-design\/#breadcrumb","itemListElement":[{"@type":"ListItem","position":1,"name":"Home","item":"https:\/\/www.phimeca.com\/en\/"},{"@type":"ListItem","position":2,"name":"Support services","item":"https:\/\/www.phimeca.com\/en\/support-services\/"},{"@type":"ListItem","position":3,"name":"Software development and business tools","item":"https:\/\/www.phimeca.com\/en\/support-services\/software-development-and-business-tools\/"},{"@type":"ListItem","position":4,"name":"Software development &#038; tools for Numerical Simulation","item":"https:\/\/www.phimeca.com\/en\/support-services\/software-development-and-business-tools\/software-development-tools-for-numerical-simulation\/"},{"@type":"ListItem","position":5,"name":"Reinforcement Design"}]},{"@type":"WebSite","@id":"https:\/\/www.phimeca.com\/#website","url":"https:\/\/www.phimeca.com\/","name":"PHIMECA","description":"","publisher":{"@id":"https:\/\/www.phimeca.com\/#organization"},"potentialAction":[{"@type":"SearchAction","target":{"@type":"EntryPoint","urlTemplate":"https:\/\/www.phimeca.com\/?s={search_term_string}"},"query-input":{"@type":"PropertyValueSpecification","valueRequired":true,"valueName":"search_term_string"}}],"inLanguage":"en-US"},{"@type":"Organization","@id":"https:\/\/www.phimeca.com\/#organization","name":"PHIMECA","url":"https:\/\/www.phimeca.com\/","logo":{"@type":"ImageObject","inLanguage":"en-US","@id":"https:\/\/www.phimeca.com\/#\/schema\/logo\/image\/","url":"https:\/\/www.phimeca.com\/wp-content\/uploads\/2020\/03\/logo-phimeca-baseline-right-en-rgb.png","contentUrl":"https:\/\/www.phimeca.com\/wp-content\/uploads\/2020\/03\/logo-phimeca-baseline-right-en-rgb.png","width":732,"height":435,"caption":"PHIMECA"},"image":{"@id":"https:\/\/www.phimeca.com\/#\/schema\/logo\/image\/"}}]}},"_links":{"self":[{"href":"https:\/\/www.phimeca.com\/en\/wp-json\/wp\/v2\/pages\/2778"}],"collection":[{"href":"https:\/\/www.phimeca.com\/en\/wp-json\/wp\/v2\/pages"}],"about":[{"href":"https:\/\/www.phimeca.com\/en\/wp-json\/wp\/v2\/types\/page"}],"author":[{"embeddable":true,"href":"https:\/\/www.phimeca.com\/en\/wp-json\/wp\/v2\/users\/7"}],"replies":[{"embeddable":true,"href":"https:\/\/www.phimeca.com\/en\/wp-json\/wp\/v2\/comments?post=2778"}],"version-history":[{"count":5,"href":"https:\/\/www.phimeca.com\/en\/wp-json\/wp\/v2\/pages\/2778\/revisions"}],"predecessor-version":[{"id":2964,"href":"https:\/\/www.phimeca.com\/en\/wp-json\/wp\/v2\/pages\/2778\/revisions\/2964"}],"up":[{"embeddable":true,"href":"https:\/\/www.phimeca.com\/en\/wp-json\/wp\/v2\/pages\/2766"}],"wp:attachment":[{"href":"https:\/\/www.phimeca.com\/en\/wp-json\/wp\/v2\/media?parent=2778"}],"curies":[{"name":"wp","href":"https:\/\/api.w.org\/{rel}","templated":true}]}}